{"id":183,"date":"2016-12-08T13:30:11","date_gmt":"2016-12-08T13:30:11","guid":{"rendered":"http:\/\/edward-carter.ancorathemes.com\/?page_id=183"},"modified":"2021-11-29T13:03:53","modified_gmt":"2021-11-29T16:03:53","slug":"our-services","status":"publish","type":"page","link":"https:\/\/www.nousia.com.br\/index.php\/our-services\/","title":{"rendered":"Terapias Integrativas"},"content":{"rendered":"<p>[vc_row full_width=&#8221;stretch_row_content_no_spaces&#8221;][vc_column][vc_single_image image=&#8221;1493&#8243; img_size=&#8221;full&#8221; css=&#8221;.vc_custom_1599267088538{background-position: center !important;background-repeat: no-repeat !important;background-size: cover !important;}&#8221;][\/vc_column][\/vc_row][vc_row full_width=&#8221;stretch_row&#8221; css=&#8221;.vc_custom_1482923511947{padding-top: 7.85em !important;padding-bottom: 7.1em !important;background-color: #f6f6f6 !important;}&#8221;][vc_column]<div id=\"sc_content_1604320656\"\n\t\tclass=\"sc_content sc_content_default  vc_custom_1482922733637 sc_content_width_2_3\"><div class=\"sc_content_container\"><div id=\"sc_title_1382878805\"\n\t\tclass=\"sc_title sc_title_default\"><h3 class=\"sc_item_title sc_title_title sc_align_center sc_item_title_style_default\">O que \u00e9 Terapia Integrativa?<\/h3><div class=\"sc_item_descr sc_title_descr sc_align_center\">Na Terapia Integrativa, voc\u00ea \u00e9 visto como um todo: Corpo, Emo\u00e7\u00f5es, Mente e Esp\u00edrito. S\u00e3o t\u00e9cnicas e abordagens terap\u00eauticas combinadas de forma \u00fanica e personalizada com o intuito de identificar e tratar a raiz de suas cren\u00e7as que \u00e9 a causa de seus desequil\u00edbrios e conflitos do seu dia-a-dia.<\/div><\/div><!-- \/.sc_title --><\/div><\/div><!-- \/.sc_content -->[\/vc_column][\/vc_row][vc_row full_width=&#8221;stretch_row&#8221; css=&#8221;.vc_custom_1482923596477{padding-top: 7.3em !important;padding-bottom: 10.55em !important;}&#8221;][vc_column]<div id=\"sc_title_1161048653\"\n\t\tclass=\"sc_title sc_title_default  vc_custom_1599265612130\"><h3 class=\"sc_item_title sc_title_title sc_align_center sc_item_title_style_default\">Porque fazer Terapia?<\/h3><\/div><!-- \/.sc_title -->[vc_row_inner][vc_column_inner width=&#8221;1\/2&#8243; css=&#8221;.vc_custom_1482923389126{padding-right: 5em !important;}&#8221;][vc_column_text]<span class=\"trx_addons_dark\" style=\"color: #808080;\"><big>Qualquer desequil\u00edbrio entre O QUE voc\u00ea PENSA, com O QUE voc\u00ea SENTE e COMO a sua MENTE foi programada para interpretar e perceber as situa\u00e7\u00f5es, \u00e9 o que vai fazer voc\u00ea ter problemas como:<\/big><\/span><\/p>\n<ul>\n<li><span class=\"trx_addons_dark\" style=\"color: #808080;\"><big>O medo de ir em frente<\/big><\/span><\/li>\n<li><span class=\"trx_addons_dark\" style=\"color: #808080;\"><big>A procrastina\u00e7\u00e3o das tarefas<\/big><\/span><\/li>\n<li><span class=\"trx_addons_dark\" style=\"color: #808080;\"><big>A negatividade e o pessimismo<\/big><\/span><\/li>\n<li><span class=\"trx_addons_dark\" style=\"color: #808080;\"><big>A autocr\u00edtica exacerbada<\/big><\/span><\/li>\n<li><span class=\"trx_addons_dark\" style=\"color: #808080;\"><big>A aus\u00eancia de confian\u00e7a<\/big><\/span><\/li>\n<li><span class=\"trx_addons_dark\" style=\"color: #808080;\"><big>A depend\u00eancia emocional<\/big><\/span><\/li>\n<li><span class=\"trx_addons_dark\" style=\"color: #808080;\"><big>A frustra\u00e7\u00e3o nos seus relacionamentos<\/big><\/span><\/li>\n<\/ul>\n<p><span class=\"trx_addons_dark\" style=\"color: #808080;\"><big>Se identificou? Pois ent\u00e3o saiba que uma boa An\u00e1lise integrada com mais de dezenas de T\u00e9cnicas Integrativas, voc\u00ea vai:<\/big><\/span><\/p>\n<ul>\n<li><span class=\"trx_addons_dark\" style=\"color: #808080;\"><big>Gerenciar suas emo\u00e7\u00f5es e seus recursos ao seu favor<\/big><\/span><\/li>\n<li><span class=\"trx_addons_dark\" style=\"color: #808080;\"><big>Descobrir e aprender como superar os seus medos <\/big><\/span><\/li>\n<li><span class=\"trx_addons_dark\" style=\"color: #808080;\"><big>Analisar o que voc\u00ea faz, o que voc\u00ea sente e quais s\u00e3o os seu PONTOS CEGOS<\/big><\/span><\/li>\n<li><span class=\"trx_addons_dark\" style=\"color: #808080;\"><big>Entender, de uma vez por todas, que voc\u00ea n\u00e3o \u00e9 um conjunto de esteri\u00f3tipos, porque seus pontos forte e fracos podem mudar, a sua ess\u00eancia n\u00e3o!<\/big><\/span><\/li>\n<\/ul>\n<p><span class=\"trx_addons_dark\" style=\"color: #808080;\"><big>Todo o trabalho \u00e9 feito unica e exclusivamente para que voc\u00ea chegue no AUTOCONHECIMENTO porque, simplesmente, \u00e9 a melhor maneira de encontrar o caminho que vai levar voc\u00ea at\u00e9 \u00e0s realiza\u00e7\u00f5es que sempre sonhou. Imagine s\u00f3 uma pessoa que sabe exatamente quais s\u00e3o seus pontos fortes, suas dificuldades, aonde quer chegar e o que precisa fazer para tal?<\/big><\/span><\/p>\n<p><span class=\"trx_addons_dark\" style=\"color: #808080;\"><big>Ela certamente tem muito mais chances de obter \u00eaxito em suas escolhas. Essa pessoa, pode ser voc\u00ea!<\/big><\/span>[\/vc_column_text][\/vc_column_inner][vc_column_inner width=&#8221;1\/2&#8243;][vc_single_image image=&#8221;1439&#8243; img_size=&#8221;full&#8221; alignment=&#8221;center&#8221; style=&#8221;vc_box_shadow_border&#8221;][\/vc_column_inner][\/vc_row_inner][\/vc_column][\/vc_row][vc_row full_width=&#8221;stretch_row&#8221; css=&#8221;.vc_custom_1482923511947{padding-top: 7.85em !important;padding-bottom: 7.1em !important;background-color: #f6f6f6 !important;}&#8221;][vc_column]<div id=\"sc_content_1560604160\"\n\t\tclass=\"sc_content sc_content_default  vc_custom_1482922733637 sc_content_width_2_3\"><div class=\"sc_content_container\"><div id=\"sc_title_1307773622\"\n\t\tclass=\"sc_title sc_title_default\"><h3 class=\"sc_item_title sc_title_title sc_align_center sc_item_title_style_default\">Terapias Integrativas<\/h3><\/div><!-- \/.sc_title --><\/div><\/div><!-- \/.sc_content -->[vc_tta_tabs alignment=&#8221;center&#8221; active_section=&#8221;1&#8243;][vc_tta_section title=&#8221;An\u00e1lise Corpo e Mente&#8221; tab_id=&#8221;1481199504131-3d6ece1f-53d1&#8243;][vc_row_inner equal_height=&#8221;yes&#8221; content_placement=&#8221;top&#8221;][vc_column_inner width=&#8221;1\/2&#8243;][vc_single_image image=&#8221;1434&#8243; img_size=&#8221;full&#8221;][\/vc_column_inner][vc_column_inner width=&#8221;1\/2&#8243; css=&#8221;.vc_custom_1482922272263{padding-left: 5em !important;}&#8221;][vc_column_text]<\/p>\n<h3 style=\"margin-top: 0;\">O Formato do seu Corpo Explica e Revela a sua Hist\u00f3ria.<\/h3>\n<p>A sua mente e o seu corpo se desenvolveram em um processo paralelo de cinco etapas durante\u00a0 a mieliniza\u00e7\u00e3o do seu sistema nervoso, que come\u00e7ou quando voc\u00ea ainda estava no \u00fatero da sua m\u00e3e e s\u00f3 terminou quando voc\u00ea tinha mais ou menos 5 anos de idade.<\/p>\n<p style=\"margin: 0in; font-family: Calibri; font-size: 11.0pt;\">Por isso pelo formato do seu corpo d\u00e1 pra saber que tipo de mente voc\u00ea tem e sabendo que tipo de mente voc\u00ea tem, voc\u00ea consegue descobrir porque voc\u00ea age e reage de determinada maneira diante dos desafios que fazem voc\u00ea ter dificuldade de se relacionar com seus familiares, colegas de trabalho, e at\u00e9 mesmo dificuldade de encontrar algu\u00e9m para constituir uma fam\u00edlia.<\/p>\n<p>[\/vc_column_text]<div class=\"sc_item_button sc_button_wrap\"><a href=\"https:\/\/www.nousia.com.br\/index.php\/analise-corporal\/\" id=\"sc_button_907820199\" class=\"sc_button sc_button_filled  vc_custom_1607393380386 sc_button_size_large sc_button_icon_left\"><span class=\"sc_button_text\"><span class=\"sc_button_title\">Saiba mais<\/span><\/span><!-- \/.sc_button_text --><\/a><!-- \/.sc_button --><\/div><!-- \/.sc_item_button -->[\/vc_column_inner][\/vc_row_inner][\/vc_tta_section][vc_tta_section title=&#8221;Aromaterapia&#8221; tab_id=&#8221;1481199504140-8a77dfa0-620d&#8221;][vc_row_inner equal_height=&#8221;yes&#8221; content_placement=&#8221;top&#8221;][vc_column_inner width=&#8221;1\/2&#8243;][vc_single_image image=&#8221;1268&#8243; img_size=&#8221;full&#8221;][\/vc_column_inner][vc_column_inner width=&#8221;1\/2&#8243; css=&#8221;.vc_custom_1482922406036{padding-left: 5em !important;}&#8221;][vc_column_text]<\/p>\n<h3 style=\"margin-top: 0;\">Aromaterapia \u00e9 muito mais que cheiros bons&#8230;<\/h3>\n<p>A Aromaterapia \u00e9 a utiliza\u00e7\u00e3o de subst\u00e2ncias naturais muito concentradas extra\u00eddas de plantas medicinais e arom\u00e1ticas com o objetivo de proporcionar sa\u00fade f\u00edsica, mudan\u00e7as de comportamentos e desenvolvimento pessoal.<\/p>\n<p>(*) O tratamento com a aromaterapia est\u00e1 incluso na\u00a0<a href=\"https:\/\/www.nousia.com.br\/index.php\/promo_vip\/\">An\u00e1lise do seu Corpo&amp;Mente<\/a>!<br \/>\n(*) Atendimentos individuais est\u00e1 aberto apenas para quem j\u00e1 fez o primeiro atendimento com An\u00e1lise Corporal.[\/vc_column_text]<div class=\"sc_item_button sc_button_wrap\"><a href=\"https:\/\/www.nousia.com.br\/index.php\/agenda-terapia-integrativa\/\" id=\"sc_button_701071854\" class=\"sc_button sc_button_filled  vc_custom_1607393634708 sc_button_size_large sc_button_icon_left\"><span class=\"sc_button_text\"><span class=\"sc_button_title\">Agendamento<\/span><\/span><!-- \/.sc_button_text --><\/a><!-- \/.sc_button --><\/div><!-- \/.sc_item_button -->[\/vc_column_inner][\/vc_row_inner][\/vc_tta_section][vc_tta_section title=&#8221;Barra de Acces&#8221; tab_id=&#8221;1482922426243-790f2190-d252&#8243;][vc_row_inner equal_height=&#8221;yes&#8221; content_placement=&#8221;top&#8221;][vc_column_inner width=&#8221;1\/2&#8243;][vc_single_image image=&#8221;1272&#8243; img_size=&#8221;full&#8221;][\/vc_column_inner][vc_column_inner width=&#8221;1\/2&#8243; css=&#8221;.vc_custom_1482922406036{padding-left: 5em !important;}&#8221;][vc_column_text]<\/p>\n<h3 style=\"margin-top: 0;\"><strong>Barras de Access\u00ae tem comprova\u00e7\u00e3o de efic\u00e1cia pela neuroci\u00eancia. <\/strong><\/h3>\n<p><strong>Barras de Access\u00ae<\/strong> \u00e9 um processo qu\u00e2ntico, in\u00e9dito no Brasil, feito a partir de toques suaves em 32 pontos energ\u00e9ticos em torno da cabe\u00e7a que armazenam toda corrente eletromagn\u00e9tica das sinapses neurais que criam os padr\u00f5es comportamentais e rea\u00e7\u00f5es programadas. Quando as barras s\u00e3o ativadas, inicia-se a libera\u00e7\u00e3o de registros limitantes, ajudando-nos a ver al\u00e9m dos padr\u00f5es que usamos e dos problemas que passamos at\u00e9 ent\u00e3o.[\/vc_column_text]<div class=\"sc_item_button sc_button_wrap\"><a href=\"https:\/\/www.nousia.com.br\/index.php\/agenda-terapia-integrativa\/\" id=\"sc_button_1092320345\" class=\"sc_button sc_button_filled  vc_custom_1607393659230 sc_button_size_large sc_button_icon_left\"><span class=\"sc_button_text\"><span class=\"sc_button_title\">Agendamento<\/span><\/span><!-- \/.sc_button_text --><\/a><!-- \/.sc_button --><\/div><!-- \/.sc_item_button -->[\/vc_column_inner][\/vc_row_inner][\/vc_tta_section][vc_tta_section title=&#8221;Humanoterapia&#8221; tab_id=&#8221;1482922460984-cfe74733-07d7&#8243;][vc_row_inner equal_height=&#8221;yes&#8221; content_placement=&#8221;top&#8221;][vc_column_inner width=&#8221;1\/2&#8243;][vc_single_image image=&#8221;1273&#8243; img_size=&#8221;full&#8221;][\/vc_column_inner][vc_column_inner width=&#8221;1\/2&#8243; css=&#8221;.vc_custom_1482922406036{padding-left: 5em !important;}&#8221;][vc_column_text]<\/p>\n<h3 style=\"margin-top: 0;\">Quando a limpeza acontece antes de se manifestar no corpo.<\/h3>\n<p>N\u00f3s criamos muitos blocos energ\u00e9ticos ao longo de nossas vidas pelos pensamentos e programa\u00e7\u00f5es que foram se formando em n\u00edveis e em subn\u00edveis em nosso campo morfogen\u00e9tico. E como tudo o que \u00e9 criado quer ser acolhido, amado e respeitado, esse blocos usam nosso magnetismo para se alimentarem e se manterem. A Humanometria \u00e9 um processo de elimina\u00e7\u00e3o desses blocos por meio do desdobramento de nossos corpos sutis e uma conex\u00e3o interdimensional atuando exatamente onde precisa, seja no campo f\u00edsico, emocional, mental ou espiritual.[\/vc_column_text]<div class=\"sc_item_button sc_button_wrap\"><a href=\"https:\/\/www.nousia.com.br\/index.php\/agenda-terapia-integrativa\/\" id=\"sc_button_2105952332\" class=\"sc_button sc_button_filled  vc_custom_1607393677323 sc_button_size_large sc_button_icon_left\"><span class=\"sc_button_text\"><span class=\"sc_button_title\">Agendamento<\/span><\/span><!-- \/.sc_button_text --><\/a><!-- \/.sc_button --><\/div><!-- \/.sc_item_button -->[\/vc_column_inner][\/vc_row_inner][\/vc_tta_section][vc_tta_section title=&#8221;Massagem do Som&#8221; tab_id=&#8221;1482922478624-de10010d-d4b2&#8243;][vc_row_inner equal_height=&#8221;yes&#8221; content_placement=&#8221;top&#8221;][vc_column_inner width=&#8221;1\/2&#8243;][vc_single_image image=&#8221;1274&#8243; img_size=&#8221;full&#8221;][\/vc_column_inner][vc_column_inner width=&#8221;1\/2&#8243; css=&#8221;.vc_custom_1482922406036{padding-left: 5em !important;}&#8221;][vc_column_text]<\/p>\n<h3 style=\"margin-top: 0;\">O M\u00e9todo\u00a0Peter Hess\u00ae atua onde nenhuma outra massagem consegue chegar<\/h3>\n<p>O M\u00e9todo\u00a0<em>Peter Hess<\/em>\u00ae de Massagem de Som \u00e9 uma t\u00e9cnica desenvolvida h\u00e1 mais de 30 anos na Alemanha, pelo engenheiro f\u00edsico e pedagogo Peter Hess, que utiliza os sons e vibra\u00e7\u00f5es de Ta\u00e7as de Som Terap\u00eauticas como meio de promover um relaxamento profundo e regenerador. \u00c9 uma massagem vibro-ac\u00fastica que atua a n\u00edvel celular, onde as vibra\u00e7\u00f5es passam pela nossa pele, epiderme, m\u00fasculos, cavidades, l\u00edquidos, chegando at\u00e9 os nossos ossos, onde nenhuma outra massagem consegue chegar. As ta\u00e7as terap\u00eauticas Peter Hess\u00ae massageiam cada uma das nossas c\u00e9lulas, e criam um fluxo energ\u00e9tico que percorre todo o corpo, dissolvendo bloqueios a n\u00edvel f\u00edsico, mental, emocional e energ\u00e9tico. As resson\u00e2ncias criadas por essas vibra\u00e7\u00f5es integram as v\u00e1rias dimens\u00f5es dos nossos corpos.[\/vc_column_text]<div class=\"sc_item_button sc_button_wrap\"><a href=\"https:\/\/www.nousia.com.br\/index.php\/massagem_som\/\" id=\"sc_button_1735615606\" class=\"sc_button sc_button_filled  vc_custom_1638199464519 sc_button_size_large sc_button_icon_left\"><span class=\"sc_button_text\"><span class=\"sc_button_title\">Agendamento<\/span><\/span><!-- \/.sc_button_text --><\/a><!-- \/.sc_button --><\/div><!-- \/.sc_item_button -->[\/vc_column_inner][\/vc_row_inner][\/vc_tta_section][vc_tta_section title=&#8221;Leitura Energ\u00e9tica e Arquet\u00edpica&#8221; tab_id=&#8221;1482922491399-dba3164d-7a6a&#8221;][vc_row_inner equal_height=&#8221;yes&#8221; content_placement=&#8221;top&#8221;][vc_column_inner width=&#8221;1\/2&#8243;][vc_single_image image=&#8221;1714&#8243; img_size=&#8221;full&#8221;][\/vc_column_inner][vc_column_inner width=&#8221;1\/2&#8243; css=&#8221;.vc_custom_1482922406036{padding-left: 5em !important;}&#8221;][vc_column_text]<\/p>\n<h3 style=\"margin-top: 0;\">Tarot: Sem misticismo, sem adivinha\u00e7\u00e3o!<\/h3>\n<p>\u00c9 uma leitura do seu estado energ\u00e9tico e arquet\u00edpico mostrando o que est\u00e1 inconsciente para voc\u00ea direto do seu pr\u00f3prio inconsciente. Na t\u00e9cnica usada aqui, atrav\u00e9s do s\u00edmbolos vamos compreender:<\/p>\n<ul>\n<li>O momento presente que deveria estar sendo vivido<\/li>\n<li>O bloqueio que est\u00e1 impedindo do presente ser realizado como deveria<\/li>\n<li>H\u00e1bitos que te prejudicam a ser quem voc\u00ea precisa ser<\/li>\n<li>Novas posturas que precisam ser adotadas<\/li>\n<li>O que voc\u00ea j\u00e1 tem consci\u00eancia<\/li>\n<li>O que voc\u00ea n\u00e3o enxerga e que est\u00e1 inconsciente<\/li>\n<li>Como voc\u00ea est\u00e1 se vendo<\/li>\n<li>Como os outros est\u00e3o te vendo<\/li>\n<li>Os seus maiores medos e preocupa\u00e7\u00f5es caso voc\u00ea mude<\/li>\n<li>E a grande li\u00e7\u00e3o\/resultado que o universo espera que voc\u00ea incorpore na sua vida<\/li>\n<\/ul>\n<p>(*) Esta leitura j\u00e1 est\u00e1 inclusa na <a href=\"https:\/\/www.nousia.com.br\/index.php\/analise_coporal\/\">An\u00e1lise do seu Corpo&amp;Mente<\/a>!<br \/>\n(*) Atendimentos apenas para esse t\u00e9cnica \u00e9 aberta somente para quem j\u00e1 fez o primeiro atendimento com An\u00e1lise Corporal.[\/vc_column_text]<div class=\"sc_item_button sc_button_wrap\"><a href=\"https:\/\/www.nousia.com.br\/index.php\/agenda-terapia-integrativa\/\" id=\"sc_button_827214207\" class=\"sc_button sc_button_filled  vc_custom_1599361318842 sc_button_size_large sc_button_icon_left\"><span class=\"sc_button_text\"><span class=\"sc_button_title\">Agendamento<\/span><\/span><!-- \/.sc_button_text --><\/a><!-- \/.sc_button --><\/div><!-- \/.sc_item_button -->[\/vc_column_inner][\/vc_row_inner][\/vc_tta_section][\/vc_tta_tabs][\/vc_column][\/vc_row][vc_row full_width=&#8221;stretch_row&#8221; css=&#8221;.vc_custom_1585611985357{padding-top: 40px !important;padding-bottom: 40px !important;background-image: url(http:\/\/www.nousia.com.br\/wp-content\/uploads\/2020\/03\/caminho5-1-scaled.jpg?id=1281) !important;background-position: center !important;background-repeat: no-repeat !important;background-size: cover !important;}&#8221;][vc_column width=&#8221;1\/2&#8243; css=&#8221;.vc_custom_1585623764210{background-color: rgba(113,81,142,0.7) !important;*background-color: rgb(113,81,142) !important;}&#8221;][vc_column_text css=&#8221;.vc_custom_1585613243223{border-bottom-width: 0px !important;padding-top: 0px !important;padding-right: 20px !important;padding-bottom: 40px !important;padding-left: 20px !important;}&#8221;]<\/p>\n<h1><span style=\"color: #ffffff;\">Se voc\u00ea &#8230;<\/span><\/h1>\n<h6><span style=\"color: #ffffff;\">\u232a Tem CORAGEM de se Autoconhecer;<\/span><\/h6>\n<h6><span style=\"color: #ffffff;\">\u232a Quer SUPERAR seus medos, fobias e cren\u00e7as para resolver seus problemas de RELACIONAMENTO consigo mesmo e com quem voc\u00ea convive.<\/span><\/h6>\n<h6><span style=\"color: #ffffff;\">\u232a Quer RESPOSTAS para superar os seus limites.<\/span><\/h6>\n<h6><span style=\"color: #ffffff;\">\u232a Precisa de ajuda para abrir m\u00e3o de seus GANHOS INDIRETOS de V\u00edtima, Culpa, Controle, Vingan\u00e7a ou de Aprova\u00e7\u00e3o para se REALIZAR de VERDADE.<\/span><\/h6>\n<p>[\/vc_column_text][vc_btn title=&#8221;Reserve o Seu Hor\u00e1rio Agora!&#8221; color=&#8221;warning&#8221; size=&#8221;lg&#8221; align=&#8221;left&#8221; link=&#8221;url:http%3A%2F%2Fwww.nousia.com.br%2Findex.php%2Fagenda%2F|title:Reservar%20Hor%C3%A1rio|target:%20_blank|&#8221;][\/vc_column][vc_column width=&#8221;1\/2&#8243;][\/vc_column][\/vc_row]<\/p>\n","protected":false},"excerpt":{"rendered":"<p>[vc_row full_width=&#8221;stretch_row_content_no_spaces&#8221;][vc_column][vc_single_image image=&#8221;1493&#8243; img_size=&#8221;full&#8221; css=&#8221;.vc_custom_1599267088538{background-position: center !important;background-repeat: no-repeat !important;background-size: cover !important;}&#8221;][\/vc_column][\/vc_row][vc_row full_width=&#8221;stretch_row&#8221; css=&#8221;.vc_custom_1482923511947{padding-top: 7.85em !important;padding-bottom: 7.1em !important;background-color: #f6f6f6 !important;}&#8221;][vc_column][\/vc_column][\/vc_row][vc_row full_width=&#8221;stretch_row&#8221; css=&#8221;.vc_custom_1482923596477{padding-top: 7.3em !important;padding-bottom: 10.55em !important;}&#8221;][vc_column][vc_row_inner][vc_column_inner width=&#8221;1\/2&#8243; css=&#8221;.vc_custom_1482923389126{padding-right: 5em !important;}&#8221;][vc_column_text]Qualquer desequil\u00edbrio entre O QUE voc\u00ea PENSA, com O QUE voc\u00ea SENTE e COMO a sua MENTE foi programada para interpretar e perceber as situa\u00e7\u00f5es, \u00e9 o que vai fazer voc\u00ea ter&hellip;<\/p>\n","protected":false},"author":1,"featured_media":0,"parent":0,"menu_order":0,"comment_status":"closed","ping_status":"closed","template":"","meta":[],"_links":{"self":[{"href":"https:\/\/www.nousia.com.br\/index.php\/wp-json\/wp\/v2\/pages\/183"}],"collection":[{"href":"https:\/\/www.nousia.com.br\/index.php\/wp-json\/wp\/v2\/pages"}],"about":[{"href":"https:\/\/www.nousia.com.br\/index.php\/wp-json\/wp\/v2\/types\/page"}],"author":[{"embeddable":true,"href":"https:\/\/www.nousia.com.br\/index.php\/wp-json\/wp\/v2\/users\/1"}],"replies":[{"embeddable":true,"href":"https:\/\/www.nousia.com.br\/index.php\/wp-json\/wp\/v2\/comments?post=183"}],"version-history":[{"count":21,"href":"https:\/\/www.nousia.com.br\/index.php\/wp-json\/wp\/v2\/pages\/183\/revisions"}],"predecessor-version":[{"id":2541,"href":"https:\/\/www.nousia.com.br\/index.php\/wp-json\/wp\/v2\/pages\/183\/revisions\/2541"}],"wp:attachment":[{"href":"https:\/\/www.nousia.com.br\/index.php\/wp-json\/wp\/v2\/media?parent=183"}],"curies":[{"name":"wp","href":"https:\/\/api.w.org\/{rel}","templated":true}]}}