{"id":1736,"date":"2020-09-05T23:53:29","date_gmt":"2020-09-06T02:53:29","guid":{"rendered":"https:\/\/www.nousia.com.br\/?page_id=1736"},"modified":"2021-04-06T17:05:41","modified_gmt":"2021-04-06T20:05:41","slug":"agenda-terapia-integrativa","status":"publish","type":"page","link":"https:\/\/www.nousia.com.br\/index.php\/agenda-terapia-integrativa\/","title":{"rendered":"Agendamento &#8211; Terapias Integrativas"},"content":{"rendered":"<p>[vc_row][vc_column]<div id=\"sc_title_1586875432\"\n\t\tclass=\"sc_title sc_title_default  vc_custom_1617739327123\"><h6 class=\"sc_item_subtitle sc_title_subtitle sc_align_center sc_item_title_style_default\">Agenda para atendimentos P\u00d3S AN\u00c1LISE ou AVULSOS<\/h6><h3 class=\"sc_item_title sc_title_title sc_align_center sc_item_title_style_default\">Reserve seu hor\u00e1rio<\/h3><div class=\"sc_item_descr sc_title_descr sc_align_center\">Se voc\u00ea optar por um Programa (Individual ou Casal) de 5 sess\u00f5es, \u00e9 importante agendar o segundo atendimento com no m\u00ednimo 7 dias de intervalo, no m\u00e1ximo 15 dias. Por isso, recomendo que j\u00e1 reserve as 5 datas para n\u00e3o prejudicar a evolu\u00e7\u00e3o do seu processo.<\/div><\/div><!-- \/.sc_title -->[vc_text_separator title=&#8221;Aromaterapia, Barra de Acces\u00ae, Chave-Mestra, Mesa Quanti\u00f4nica, Leitura Energ\u00e9tica com Tarot, Reiki&#8221;][vc_row_inner][vc_column_inner width=&#8221;1\/3&#8243;]<div id=\"sc_icons_1106800107\" \n\tclass=\"sc_icons sc_icons_modern sc_icons_size_small sc_align_center  vc_custom_1617738674098\"><h3 class=\"sc_item_title sc_icons_title sc_align_center sc_item_title_style_shadow sc_item_title_tag\">Chave-Mestra<\/h3><div class=\"sc_item_descr sc_icons_descr sc_align_center\">5 sess\u00f5es para usarmos de forma pr\u00e1tica cada tra\u00e7o de caracter<\/div><div class=\"sc_icons_item\"><div id=\"sc_icons_1106800107_icon-key-light\" class=\"sc_icons_icon sc_icon_type_fontawesome icon-key-light\"\n\t\t\t\t\t\t style=\"color: #522c66\"\t\t\t\t\t\t><span class=\"sc_icon_type_fontawesome icon-key-light\" style=\"color: #522c66\"><\/span><\/div><\/div><\/div><!-- \/.sc_icons -->[\/vc_column_inner][vc_column_inner width=&#8221;1\/3&#8243;]<div id=\"sc_icons_1827025940\" \n\tclass=\"sc_icons sc_icons_modern sc_icons_size_small sc_align_center  vc_custom_1617739241694\"><h3 class=\"sc_item_title sc_icons_title sc_align_center sc_item_title_style_shadow sc_item_title_tag\">Retorno Cliente<\/h3><div class=\"sc_item_descr sc_icons_descr sc_align_center\">Retorno especial para quem j\u00e1 fez an\u00e1lise corporal para situa\u00e7\u00f5es pontuais.<\/div><div class=\"sc_icons_item\"><div id=\"sc_icons_1827025940_icon-star\" class=\"sc_icons_icon sc_icon_type_fontawesome icon-star\"\n\t\t\t\t\t\t style=\"color: #522c66\"\t\t\t\t\t\t><span class=\"sc_icon_type_fontawesome icon-star\" style=\"color: #522c66\"><\/span><\/div><\/div><\/div><!-- \/.sc_icons -->[\/vc_column_inner][vc_column_inner width=&#8221;1\/3&#8243;]<div id=\"sc_icons_1278941325\" \n\tclass=\"sc_icons sc_icons_modern sc_icons_size_small sc_align_center  vc_custom_1617738905730\"><h3 class=\"sc_item_title sc_icons_title sc_align_center sc_item_title_style_shadow sc_item_title_tag\">Avulso<\/h3><div class=\"sc_item_descr sc_icons_descr sc_align_center\">Qualquer t\u00e9cnica aplicada para quem n\u00e3o fez AN\u00c1LISE CORPORAL.<\/div><div class=\"sc_icons_item\"><div id=\"sc_icons_1278941325_icon-pin\" class=\"sc_icons_icon sc_icon_type_fontawesome icon-pin\"\n\t\t\t\t\t\t style=\"color: #522c66\"\t\t\t\t\t\t><span class=\"sc_icon_type_fontawesome icon-pin\" style=\"color: #522c66\"><\/span><\/div><\/div><\/div><!-- \/.sc_icons -->[\/vc_column_inner][\/vc_row_inner][\/vc_column][\/vc_row][vc_row][vc_column]<div class=\"booked-calendar-shortcode-wrap\"><div class=\"booked-calendar-wrap large\"><div class=\"booked-calendar\" data-calendar-id=\"88\" data-calendar-date=\"2026-04-01\">\n\t\t<div class=\"bc-head\">\n\n\t\t\t\n\t\t\t<div class=\"bc-row top\">\n\t\t\t\t<div class=\"bc-col\">\n\t\t\t\t\t\t\t\t\t\t<span class=\"calendarSavingState\">\n\t\t\t\t\t\t<i class=\"fa-solid fa-circle-notch fa-spin\"><\/i>\n\t\t\t\t\t<\/span>\n\t\t\t\t\t<span class=\"monthName\">\n\t\t\t\t\t\tabril 2026\t\t\t\t\t\t\t\t\t\t\t<\/span>\n\t\t\t\t\t<a href=\"#\" data-goto=\"2026-05-01\" class=\"page-right\"><i class=\"fa-solid fa-arrow-right\"><\/i><\/a>\t\t\t\t<\/div>\n\t\t\t<\/div>\n\t\t\t<div class=\"bc-row days\">\n\t\t\t\t<div class=\"bc-col\">dom<\/div>\t\t\t\t<div class=\"bc-col\">seg<\/div>\n\t\t\t\t<div class=\"bc-col\">ter<\/div>\n\t\t\t\t<div class=\"bc-col\">qua<\/div>\n\t\t\t\t<div class=\"bc-col\">qui<\/div>\n\t\t\t\t<div class=\"bc-col\">sex<\/div>\n\t\t\t\t<div class=\"bc-col\">s\u00e1b<\/div>\t\t\t\t\t\t\t<\/div>\n\t\t<\/div>\n\t\t<div class=\"bc-body\"><div class=\"bc-row week\"><div data-date=\"2026-03-29\" class=\"bc-col prev-month prev-date\"><span class=\"date\"><span class=\"number\">29<\/span><\/span><\/div><div data-date=\"2026-03-30\" class=\"bc-col prev-month prev-date\"><span class=\"date\"><span class=\"number\">30<\/span><\/span><\/div><div data-date=\"2026-03-31\" class=\"bc-col prev-month prev-date\"><span class=\"date\"><span class=\"number\">31<\/span><\/span><\/div><div data-date=\"2026-04-1\" class=\"bc-col prev-date\"><span class=\"date\"><span class=\"number\">1<\/span><\/span><\/div><div data-date=\"2026-04-2\" class=\"bc-col prev-date\"><span class=\"date\"><span class=\"number\">2<\/span><\/span><\/div><div data-date=\"2026-04-3\" class=\"bc-col prev-date\"><span class=\"date\"><span class=\"number\">3<\/span><\/span><\/div><div data-date=\"2026-04-4\" class=\"bc-col prev-date\"><span class=\"date\"><span class=\"number\">4<\/span><\/span><\/div><\/div><div class=\"bc-row week\"><div data-date=\"2026-04-5\" class=\"bc-col prev-date\"><span class=\"date\"><span class=\"number\">5<\/span><\/span><\/div><div data-date=\"2026-04-6\" class=\"bc-col prev-date\"><span class=\"date\"><span class=\"number\">6<\/span><\/span><\/div><div data-date=\"2026-04-7\" class=\"bc-col prev-date\"><span class=\"date\"><span class=\"number\">7<\/span><\/span><\/div><div data-date=\"2026-04-8\" class=\"bc-col prev-date\"><span class=\"date\"><span class=\"number\">8<\/span><\/span><\/div><div data-date=\"2026-04-9\" class=\"bc-col today\"><span class=\"date tooltipster\" title=\"5 Available\"><span class=\"number\">9<\/span><\/span><\/div><div data-date=\"2026-04-10\" class=\"bc-col \"><span class=\"date tooltipster\" title=\"4 Available\"><span class=\"number\">10<\/span><\/span><\/div><div data-date=\"2026-04-11\" class=\"bc-col \"><span class=\"date tooltipster\" title=\"5 Available\"><span class=\"number\">11<\/span><\/span><\/div><\/div><div class=\"bc-row week\"><div data-date=\"2026-04-12\" class=\"bc-col prev-date\"><span class=\"date\"><span class=\"number\">12<\/span><\/span><\/div><div data-date=\"2026-04-13\" class=\"bc-col \"><span class=\"date tooltipster\" title=\"4 Available\"><span class=\"number\">13<\/span><\/span><\/div><div data-date=\"2026-04-14\" class=\"bc-col \"><span class=\"date tooltipster\" title=\"5 Available\"><span class=\"number\">14<\/span><\/span><\/div><div data-date=\"2026-04-15\" class=\"bc-col \"><span class=\"date tooltipster\" title=\"6 Available\"><span class=\"number\">15<\/span><\/span><\/div><div data-date=\"2026-04-16\" class=\"bc-col \"><span class=\"date tooltipster\" title=\"5 Available\"><span class=\"number\">16<\/span><\/span><\/div><div data-date=\"2026-04-17\" class=\"bc-col \"><span class=\"date tooltipster\" title=\"4 Available\"><span class=\"number\">17<\/span><\/span><\/div><div data-date=\"2026-04-18\" class=\"bc-col \"><span class=\"date tooltipster\" title=\"5 Available\"><span class=\"number\">18<\/span><\/span><\/div><\/div><div class=\"bc-row week\"><div data-date=\"2026-04-19\" class=\"bc-col prev-date\"><span class=\"date\"><span class=\"number\">19<\/span><\/span><\/div><div data-date=\"2026-04-20\" class=\"bc-col \"><span class=\"date tooltipster\" title=\"4 Available\"><span class=\"number\">20<\/span><\/span><\/div><div data-date=\"2026-04-21\" class=\"bc-col \"><span class=\"date tooltipster\" title=\"5 Available\"><span class=\"number\">21<\/span><\/span><\/div><div data-date=\"2026-04-22\" class=\"bc-col \"><span class=\"date tooltipster\" title=\"6 Available\"><span class=\"number\">22<\/span><\/span><\/div><div data-date=\"2026-04-23\" class=\"bc-col \"><span class=\"date tooltipster\" title=\"5 Available\"><span class=\"number\">23<\/span><\/span><\/div><div data-date=\"2026-04-24\" class=\"bc-col \"><span class=\"date tooltipster\" title=\"4 Available\"><span class=\"number\">24<\/span><\/span><\/div><div data-date=\"2026-04-25\" class=\"bc-col \"><span class=\"date tooltipster\" title=\"5 Available\"><span class=\"number\">25<\/span><\/span><\/div><\/div><div class=\"bc-row week\"><div data-date=\"2026-04-26\" class=\"bc-col prev-date\"><span class=\"date\"><span class=\"number\">26<\/span><\/span><\/div><div data-date=\"2026-04-27\" class=\"bc-col \"><span class=\"date tooltipster\" title=\"4 Available\"><span class=\"number\">27<\/span><\/span><\/div><div data-date=\"2026-04-28\" class=\"bc-col \"><span class=\"date tooltipster\" title=\"5 Available\"><span class=\"number\">28<\/span><\/span><\/div><div data-date=\"2026-04-29\" class=\"bc-col \"><span class=\"date tooltipster\" title=\"6 Available\"><span class=\"number\">29<\/span><\/span><\/div><div data-date=\"2026-04-30\" class=\"bc-col \"><span class=\"date tooltipster\" title=\"5 Available\"><span class=\"number\">30<\/span><\/span><\/div><div data-date=\"2026-05-1\" class=\"bc-col next-month\"><span class=\"date tooltipster\" title=\"4 Available\"><span class=\"number\">1<\/span><\/span><\/div><div data-date=\"2026-05-2\" class=\"bc-col next-month\"><span class=\"date tooltipster\" title=\"5 Available\"><span class=\"number\">2<\/span><\/span><\/div><\/div>\t\t<\/div>\n\t<\/div><\/div><\/div>[\/vc_column][\/vc_row]<\/p>\n","protected":false},"excerpt":{"rendered":"<p>[vc_row][vc_column][vc_text_separator title=&#8221;Aromaterapia, Barra de Acces\u00ae, Chave-Mestra, Mesa Quanti\u00f4nica, Leitura Energ\u00e9tica com Tarot, Reiki&#8221;][vc_row_inner][vc_column_inner width=&#8221;1\/3&#8243;][\/vc_column_inner][vc_column_inner width=&#8221;1\/3&#8243;][\/vc_column_inner][vc_column_inner width=&#8221;1\/3&#8243;][\/vc_column_inner][\/vc_row_inner][\/vc_column][\/vc_row][vc_row][vc_column][\/vc_column][\/vc_row]<\/p>\n","protected":false},"author":1,"featured_media":0,"parent":0,"menu_order":0,"comment_status":"closed","ping_status":"closed","template":"","meta":[],"_links":{"self":[{"href":"https:\/\/www.nousia.com.br\/index.php\/wp-json\/wp\/v2\/pages\/1736"}],"collection":[{"href":"https:\/\/www.nousia.com.br\/index.php\/wp-json\/wp\/v2\/pages"}],"about":[{"href":"https:\/\/www.nousia.com.br\/index.php\/wp-json\/wp\/v2\/types\/page"}],"author":[{"embeddable":true,"href":"https:\/\/www.nousia.com.br\/index.php\/wp-json\/wp\/v2\/users\/1"}],"replies":[{"embeddable":true,"href":"https:\/\/www.nousia.com.br\/index.php\/wp-json\/wp\/v2\/comments?post=1736"}],"version-history":[{"count":7,"href":"https:\/\/www.nousia.com.br\/index.php\/wp-json\/wp\/v2\/pages\/1736\/revisions"}],"predecessor-version":[{"id":2077,"href":"https:\/\/www.nousia.com.br\/index.php\/wp-json\/wp\/v2\/pages\/1736\/revisions\/2077"}],"wp:attachment":[{"href":"https:\/\/www.nousia.com.br\/index.php\/wp-json\/wp\/v2\/media?parent=1736"}],"curies":[{"name":"wp","href":"https:\/\/api.w.org\/{rel}","templated":true}]}}