{"id":1663,"date":"2020-09-03T14:54:58","date_gmt":"2020-09-03T17:54:58","guid":{"rendered":"http:\/\/www.nousia.com.br\/?page_id=1663"},"modified":"2020-09-14T23:55:24","modified_gmt":"2020-09-15T02:55:24","slug":"promo_vip","status":"publish","type":"page","link":"https:\/\/www.nousia.com.br\/index.php\/promo_vip\/","title":{"rendered":"Pacotes e Valores"},"content":{"rendered":"<p>[vc_row][vc_column icons_position=&#8221;left&#8221;][\/vc_column][\/vc_row][vc_row full_width=&#8221;stretch_row_content_no_spaces&#8221;][vc_column width=&#8221;1\/4&#8243;][\/vc_column][vc_column width=&#8221;1\/2&#8243;]<div id=\"sc_content_640165023\"\n\t\tclass=\"sc_content sc_content_default sc_float_center sc_align_center\"><h3 class=\"sc_item_title sc_content_title sc_align_default sc_item_title_style_default\">O Corpo Explica sua Mente<\/h3><div class=\"sc_content_container\">[vc_empty_space height=&#8221;100&#8243; alter_height=&#8221;medium&#8221; hide_on_mobile=&#8221;&#8221;]<\/div><\/div><!-- \/.sc_content -->[vc_video link=&#8221;https:\/\/www.youtube.com\/watch?v=-2bXLV1EXNc&#038;t=636s&#8221; align=&#8221;center&#8221;][\/vc_column][vc_column width=&#8221;1\/4&#8243;][\/vc_column][vc_column][vc_empty_space height=&#8221;100&#8243; alter_height=&#8221;large&#8221; hide_on_mobile=&#8221;&#8221;]<div id=\"sc_content_1750472405\"\n\t\tclass=\"sc_content sc_content_default sc_float_center sc_align_center\"><h3 class=\"sc_item_title sc_content_title sc_align_default sc_item_title_style_default\">Promo\u00e7\u00f5es<\/h3><div class=\"sc_content_container\">[vc_empty_space height=&#8221;100&#8243; alter_height=&#8221;large&#8221; hide_on_mobile=&#8221;&#8221;]<\/div><\/div><!-- \/.sc_content -->[\/vc_column][\/vc_row][vc_row full_width=&#8221;stretch_row&#8221; content_placement=&#8221;top&#8221; parallax=&#8221;content-moving-fade&#8221;][vc_column width=&#8221;1\/4&#8243;][vc_images_carousel images=&#8221;1658,1659&#8243; img_size=&#8221;full&#8221;]<div  id=\"sc_price_141102939\" \r\nclass=\"sc_price sc_price_default\"><a href=\"https:\/\/www.nousia.com.br\/index.php\/agenda\/\" class=\"sc_price_icon\"><span class=\"fa fa-venus-mars\"><\/span><\/a><div class=\"sc_price_info\"><div class=\"sc_price_subtitle\">An\u00e1lise para Casais e Relacionamentos<\/div><div class=\"sc_price_description\">DUAS an\u00e1lises: VOC\u00ca + SEU PAR pelo pre\u00e7o de UMA!<\/div><div class=\"sc_price_price\"><span class=\"sc_price_value\">$395<\/span><\/div><div class=\"sc_price_details\">[vc_column_text]<\/p>\n<p style=\"text-align: center\"><strong>O que cont\u00e9m nessa an\u00e1lise:<\/strong><\/p>\n<ul style=\"text-align: left\">\n<li>2 Mapas\u00a0 de Caracteres individual + 1 mapa do casal.<\/li>\n<li>Duas an\u00e1lises individuais pelo valor de uma an\u00e1lise!<\/li>\n<li>1 atendimento c\/ o casal para devolutiva do mapa combinado!<\/li>\n<\/ul>\n<p>[\/vc_column_text]<\/div><a target=\"_blank\" href=\"https:\/\/www.nousia.com.br\/index.php\/agenda\/\" class=\"sc_price_link\">Reserve seus hor\u00e1rios<\/a><\/div>\r\n<\/div>[\/vc_column][vc_column width=&#8221;1\/4&#8243;][vc_images_carousel images=&#8221;1666,1671&#8243; img_size=&#8221;full&#8221;]<div  id=\"sc_price_1102914686\" \r\nclass=\"sc_price sc_price_default\"><a href=\"https:\/\/www.nousia.com.br\/index.php\/agenda\/\" class=\"sc_price_icon\"><span class=\"icon-child\"><\/span><\/a><div class=\"sc_price_info\"><div class=\"sc_price_subtitle\">An\u00e1lise de Crian\u00e7as (de 6 a 13 anos)<\/div><div class=\"sc_price_description\">Fa\u00e7a a an\u00e1lise do seu Filho e GANHE uma an\u00e1lise para M\u00e3e!<\/div><div class=\"sc_price_price\"><span class=\"sc_price_value\">$395<\/span><\/div><div class=\"sc_price_details\">[vc_column_text]<\/p>\n<p style=\"text-align: center\"><strong>O que cont\u00e9m nessa an\u00e1lise:<\/strong><\/p>\n<ul style=\"text-align: left\">\n<li>2 Mapas de Caracteres<\/li>\n<li>Duas an\u00e1lises no valor de uma<\/li>\n<li>2 atendimentos individuais<\/li>\n<li>Dicas para lidar com os tra\u00e7os de car\u00e1ter da crian\u00e7a a partir dos tra\u00e7os da m\u00e3e<\/li>\n<\/ul>\n<p>[\/vc_column_text]<\/div><a target=\"_blank\" href=\"https:\/\/www.nousia.com.br\/index.php\/agenda\/\" class=\"sc_price_link\">Reserve seus hor\u00e1rios<\/a><\/div>\r\n<\/div>[\/vc_column][vc_column width=&#8221;1\/4&#8243;][vc_images_carousel images=&#8221;1667,1672&#8243; img_size=&#8221;full&#8221;]<div  id=\"sc_price_2036815394\" \r\nclass=\"sc_price sc_price_default\"><a href=\"https:\/\/www.nousia.com.br\/index.php\/agenda\/\" class=\"sc_price_icon\"><span class=\"fa fa-spinner\"><\/span><\/a><div class=\"sc_price_info\"><div class=\"sc_price_subtitle\">An\u00e1lise de Gestantes<\/div><div class=\"sc_price_description\">GANHE um Kit de Aromaterapia personalizado!<\/div><div class=\"sc_price_price\"><span class=\"sc_price_value\">$395<\/span><\/div><div class=\"sc_price_details\">[vc_column_text]<\/p>\n<p style=\"text-align: center\"><strong>O que cont\u00e9m nessa an\u00e1lise:<\/strong><\/p>\n<ul style=\"text-align: left\">\n<li>Mapa de Caracteres<\/li>\n<li>Saiba que tipo de m\u00e3e voc\u00ea vai ser e os poss\u00edveis conflitos que voc\u00ea ter\u00e1<\/li>\n<li>Ganhe um kit super especial para voc\u00ea ficar nos seus recursos quando o beb\u00ea vier<\/li>\n<\/ul>\n<p>[\/vc_column_text]<\/div><a target=\"_blank\" href=\"https:\/\/www.nousia.com.br\/index.php\/agenda\/\" class=\"sc_price_link\">Reserve seu hor\u00e1rio<\/a><\/div>\r\n<\/div>[\/vc_column][vc_column width=&#8221;1\/4&#8243;][vc_images_carousel images=&#8221;1669,1674&#8243; img_size=&#8221;full&#8221;]<div  id=\"sc_price_692247393\" \r\nclass=\"sc_price sc_price_default\"><a href=\"https:\/\/www.nousia.com.br\/index.php\/agenda\/\" class=\"sc_price_icon\"><span class=\"icon-heart-light\"><\/span><\/a><div class=\"sc_price_info\"><div class=\"sc_price_subtitle\">Para quem busca um relacionamento saud\u00e1vel<\/div><div class=\"sc_price_description\">Ganhe colar de Quarzo Rosa + \u00f3leo do amor!<\/div><div class=\"sc_price_price\"><span class=\"sc_price_value\">$395<\/span><\/div><div class=\"sc_price_details\">[vc_column_text]<\/p>\n<p style=\"text-align: center\"><strong>O que cont\u00e9m nessa an\u00e1lise:<\/strong><\/p>\n<ul style=\"text-align: left\">\n<li>Mapa de Caracteres<\/li>\n<li>Uma an\u00e1lise corporal completa<\/li>\n<li>Leitura energ\u00e9tica com Tarot para identificar seus bloqueios<\/li>\n<li>Presente especial para te ajudar a vibrar no amor<\/li>\n<\/ul>\n<p>[\/vc_column_text]<\/div><a target=\"_blank\" href=\"https:\/\/www.nousia.com.br\/index.php\/agenda\/\" class=\"sc_price_link\">Reserve seu hor\u00e1rio<\/a><\/div>\r\n<\/div>[\/vc_column][\/vc_row][vc_row][vc_column][vc_empty_space alter_height=&#8221;medium&#8221; hide_on_mobile=&#8221;1&#8243;]<div id=\"sc_content_1504911355\"\n\t\tclass=\"sc_content sc_content_default\"><h3 class=\"sc_item_title sc_content_title sc_align_center sc_item_title_style_default\">Depoimentos<\/h3><div class=\"sc_content_container\"><\/div><\/div><!-- \/.sc_content -->[\/vc_column][\/vc_row][vc_row][vc_column][vc_images_carousel images=&#8221;1648,1647,1642,1645,1644,1643&#8243; img_size=&#8221;full&#8221; autoplay=&#8221;yes&#8221; hide_pagination_control=&#8221;yes&#8221; wrap=&#8221;yes&#8221; css=&#8221;.vc_custom_1599288308691{margin-top: 30px !important;}&#8221;][\/vc_column][\/vc_row]<\/p>\n","protected":false},"excerpt":{"rendered":"<p>[vc_row][vc_column icons_position=&#8221;left&#8221;][\/vc_column][\/vc_row][vc_row full_width=&#8221;stretch_row_content_no_spaces&#8221;][vc_column width=&#8221;1\/4&#8243;][\/vc_column][vc_column width=&#8221;1\/2&#8243;][vc_video link=&#8221;https:\/\/www.youtube.com\/watch?v=-2bXLV1EXNc&#038;t=636s&#8221; align=&#8221;center&#8221;][\/vc_column][vc_column width=&#8221;1\/4&#8243;][\/vc_column][vc_column][vc_empty_space height=&#8221;100&#8243; alter_height=&#8221;large&#8221; hide_on_mobile=&#8221;&#8221;][\/vc_column][\/vc_row][vc_row full_width=&#8221;stretch_row&#8221; content_placement=&#8221;top&#8221; parallax=&#8221;content-moving-fade&#8221;][vc_column width=&#8221;1\/4&#8243;][vc_images_carousel images=&#8221;1658,1659&#8243; img_size=&#8221;full&#8221;][\/vc_column][vc_column width=&#8221;1\/4&#8243;][vc_images_carousel images=&#8221;1666,1671&#8243; img_size=&#8221;full&#8221;][\/vc_column][vc_column width=&#8221;1\/4&#8243;][vc_images_carousel images=&#8221;1667,1672&#8243; img_size=&#8221;full&#8221;][\/vc_column][vc_column width=&#8221;1\/4&#8243;][vc_images_carousel images=&#8221;1669,1674&#8243; img_size=&#8221;full&#8221;][\/vc_column][\/vc_row][vc_row][vc_column][vc_empty_space alter_height=&#8221;medium&#8221; hide_on_mobile=&#8221;1&#8243;][\/vc_column][\/vc_row][vc_row][vc_column][vc_images_carousel images=&#8221;1648,1647,1642,1645,1644,1643&#8243; img_size=&#8221;full&#8221; autoplay=&#8221;yes&#8221; hide_pagination_control=&#8221;yes&#8221; wrap=&#8221;yes&#8221; css=&#8221;.vc_custom_1599288308691{margin-top: 30px !important;}&#8221;][\/vc_column][\/vc_row]<\/p>\n","protected":false},"author":1,"featured_media":0,"parent":0,"menu_order":0,"comment_status":"closed","ping_status":"closed","template":"","meta":[],"_links":{"self":[{"href":"https:\/\/www.nousia.com.br\/index.php\/wp-json\/wp\/v2\/pages\/1663"}],"collection":[{"href":"https:\/\/www.nousia.com.br\/index.php\/wp-json\/wp\/v2\/pages"}],"about":[{"href":"https:\/\/www.nousia.com.br\/index.php\/wp-json\/wp\/v2\/types\/page"}],"author":[{"embeddable":true,"href":"https:\/\/www.nousia.com.br\/index.php\/wp-json\/wp\/v2\/users\/1"}],"replies":[{"embeddable":true,"href":"https:\/\/www.nousia.com.br\/index.php\/wp-json\/wp\/v2\/comments?post=1663"}],"version-history":[{"count":20,"href":"https:\/\/www.nousia.com.br\/index.php\/wp-json\/wp\/v2\/pages\/1663\/revisions"}],"predecessor-version":[{"id":1765,"href":"https:\/\/www.nousia.com.br\/index.php\/wp-json\/wp\/v2\/pages\/1663\/revisions\/1765"}],"wp:attachment":[{"href":"https:\/\/www.nousia.com.br\/index.php\/wp-json\/wp\/v2\/media?parent=1663"}],"curies":[{"name":"wp","href":"https:\/\/api.w.org\/{rel}","templated":true}]}}