{"id":1400,"date":"2020-03-29T16:56:04","date_gmt":"2020-03-29T19:56:04","guid":{"rendered":"http:\/\/www.nousia.com.br\/?page_id=1400"},"modified":"2021-12-06T16:49:50","modified_gmt":"2021-12-06T19:49:50","slug":"politica-de-privacidade","status":"publish","type":"page","link":"https:\/\/www.nousia.com.br\/index.php\/politica-de-privacidade\/","title":{"rendered":"Pol\u00edtica de privacidade"},"content":{"rendered":"<p>[vc_row full_width=&#8221;stretch_row_content_no_spaces&#8221; content_placement=&#8221;middle&#8221;][vc_column][vc_column_text]<\/p>\n<h1 style=\"text-align: center;\">Pol\u00edtica de Privacidade<\/h1>\n<p>[\/vc_column_text][vc_separator color=&#8221;sandy_brown&#8221; border_width=&#8221;2&#8243; el_width=&#8221;10&#8243; css=&#8221;.vc_custom_1638819977669{padding-top: -20px !important;}&#8221;][\/vc_column][\/vc_row][vc_row][vc_column][vc_column_text]<\/p>\n<p data-css=\"tve-u-16b50ea32fa\">\u00daltima Atualiza\u00e7\u00e3o: 06 de dezembro de 2021<\/p>\n<p><span data-css=\"tve-u-1771bba3830\">Este site (http:\/\/www.nousia.com.br\/), todo o seu conte\u00fado e seus subendere\u00e7os (o \u201c<i>WEBSITE<\/i>\u201d) s\u00e3o de propriedade de\u00a0<strong>NOUSIA CURSOS E TERAPIAS INTEGRATIVAS<\/strong>, inscrita no CNPJ n\u00ba 28.024.654\/0001-74, com sede em Rua D\u00e1rio Bechara, n. 61, Vila Dusi, cidade de S\u00e3o Bernardo do Campo, Estado de S\u00e3o Paulo, CEP 097.25-280 (a \u201cControladora\u201d)<em>\u00a0e segue a Pol\u00edtica de Privacidade a seguir descrita:<\/em><\/span><\/p>\n<h5 class=\"\"><span data-css=\"tve-u-1771bba3833\"><b>1. INFORMA\u00c7\u00d5ES GERAIS E DEFINI\u00c7\u00d5ES<\/b><\/span><\/h5>\n<p><span data-css=\"tve-u-1771bba3835\">A Controladora valoriza a privacidade de seus usu\u00e1rios e criou esta Pol\u00edtica de Privacidade para demonstrar seu compromisso em proteger a sua privacidade e seus dados pessoais, nos termos da legisla\u00e7\u00e3o aplic\u00e1vel, bem como descrever de que forma sua privacidade \u00e9 protegida pela\u00a0<a class=\"tve-froala fr-basic\" href=\"https:\/\/www.lbca.com.br\/\">Controladora<\/a>\u00a0ao coletar, tratar e armazenar suas informa\u00e7\u00f5es pessoais.<\/span><\/p>\n<p><span data-css=\"tve-u-1771bba3836\">Esta pol\u00edtica se aplica, em geral, a todos os Usu\u00e1rios e potenciais Usu\u00e1rios dos servi\u00e7os oferecidos pela Controladora, incluindo Usu\u00e1rios dos sites ou outros meios operados pela Controladora.<\/span><\/p>\n<p><span data-css=\"tve-u-1771bba3838\">Ao acessar e\/ou utilizar o site da Controladora e subendere\u00e7os, o Usu\u00e1rio declara ter no m\u00ednimo 18 (dezoito) anos e ter capacidade plena e expressa para a aceita\u00e7\u00e3o dos termos e condi\u00e7\u00f5es desta Pol\u00edtica de Privacidade e dos Termos de Uso para todos os fins de direito.<\/span><\/p>\n<p><span data-css=\"tve-u-1771bba3839\">Caso o Usu\u00e1rio n\u00e3o se enquadre na descri\u00e7\u00e3o acima e\/ou n\u00e3o concorde, ainda que em parte, com os termos e condi\u00e7\u00f5es contidos nesta Pol\u00edtica de Privacidade, n\u00e3o dever\u00e1 acessar e\/ou utilizar os servi\u00e7os oferecidos pela Controladora, bem como os sites e servi\u00e7os por ela operados.<\/span><\/p>\n<h5 class=\"\"><span data-css=\"tve-u-1771bba383b\"><b>1.1. Defini\u00e7\u00f5es<\/b><\/span><\/h5>\n<p>&nbsp;<\/p>\n<p><span data-css=\"tve-u-1771bba383e\"><strong>Usu\u00e1rio:<\/strong>\u00a0todas as pessoas f\u00edsicas que utilizar\u00e3o ou visitar\u00e3o o(s) Site(s) e\/ou Aplicativo(s), maiores de 18 (dezoito) anos ou emancipadas e totalmente capazes de praticar os atos da vida civil ou os absolutamente ou relativamente incapazes devidamente representados ou assistidos.<\/span><\/p>\n<p><span data-css=\"tve-u-1771bba3840\"><strong>Dados Pessoais:\u00a0<\/strong>significa quaisquer informa\u00e7\u00f5es fornecidas e\/ou coletadas pela Controladora e\/ou suas afiliadas, por qualquer meio, ainda que p\u00fablicos, que:<\/span><\/p>\n<p><span data-css=\"tve-u-1771bba3841\">identifiquem, ou que, quando usadas em combina\u00e7\u00e3o com outras informa\u00e7\u00f5es tratadas pela Controladora identifiquem um indiv\u00edduo; ou<\/span><\/p>\n<p><span data-css=\"tve-u-1771bba3843\">por meio das quais a identifica\u00e7\u00e3o ou informa\u00e7\u00f5es de contato de uma pessoa f\u00edsica possam ser derivadas. Os Dados Pessoais podem estar em qualquer m\u00eddia ou formato, inclusive registros eletr\u00f4nicos ou computadorizados, bem como em arquivos baseados em papel. Os Dados Pessoais, no entanto, n\u00e3o incluem telefone comercial, n\u00famero de celular comercial, endere\u00e7o comercial, e-mail comercial.<\/span><\/p>\n<p><span data-css=\"tve-u-1771bba3844\"><strong>Consentimento:\u00a0<\/strong>autoriza\u00e7\u00e3o expressa e inequ\u00edvoca dada pelo Usu\u00e1rio titular do dado pessoal para que a Controladora trate seus dados pessoais para uma finalidade previamente descrita, na qual fundamento necess\u00e1rio para o ato demande a autoriza\u00e7\u00e3o expressa do titular.<\/span><\/p>\n<h5 class=\"\"><span data-css=\"tve-u-1771bba3846\"><b>2. COLETA E USOS DE INFORMA\u00c7\u00d5ES PESSOAIS<\/b><\/span><\/h5>\n<p><span data-css=\"tve-u-1771bba3847\">O Usu\u00e1rio est\u00e1 ciente de que fornece informa\u00e7\u00e3o de forma consciente e volunt\u00e1ria por meio de formul\u00e1rio de cadastro ou por meio dos sites operados pela Controladora.<\/span><\/p>\n<p><span data-css=\"tve-u-1771bba3849\">Quando o Usu\u00e1rio realiza o cadastro e\/ou preenche formul\u00e1rios oferecidos pela Controladora inclusive nos sites por ela operados, determinados Dados Pessoais solicitados ser\u00e3o mantidos em sigilo e ser\u00e3o utilizadas apenas para o prop\u00f3sito que motivou o cadastro.<\/span><\/p>\n<p><span data-css=\"tve-u-1771bba384a\">O\u00a0<em>website<\/em>\u00a0poder\u00e1 coletar dados enquanto voc\u00ea navega pelo site, dados esses que n\u00e3o te identificam pessoalmente, como velocidade de conex\u00e3o, endere\u00e7o de IP, localiza\u00e7\u00e3o geogr\u00e1fica etc.<\/span><\/p>\n<p><span data-css=\"tve-u-1771bba384c\">Ao navegar em nossas p\u00e1ginas, poderemos utilizar uma tecnologia comum na rede internacional de computadores, chamada &#8220;<em>cookies<\/em>&#8220;, atrav\u00e9s dos quais s\u00e3o armazenadas algumas informa\u00e7\u00f5es em seu computador. Este armazenamento possibilita uma maior facilidade de navega\u00e7\u00e3o, em muitos casos, uma experi\u00eancia personalizada para voc\u00ea.<\/span><\/p>\n<p><span data-css=\"tve-u-1771bba384d\">A maioria dos navegadores permitem que voc\u00ea apague esses arquivos de seu computador, no entanto, caso o usu\u00e1rio configure seu navegador para bloquear os\u00a0<em>cookies<\/em>, a experi\u00eancia de navega\u00e7\u00e3o poder\u00e1 restar prejudicada.<\/span><\/p>\n<h5 class=\"\"><span data-css=\"tve-u-1771bba384f\"><b>3. COMPARTILHAMENTO E TRATAMENTO DE INFORMA\u00c7\u00d5ES PESSOAIS<\/b><\/span><\/h5>\n<p><span data-css=\"tve-u-1771bba3850\">A Controladora n\u00e3o disponibilizar\u00e1 Dados Pessoais coletados em seus sites para corretores de lista de e-mail sem seu expresso consentimento.<\/span><\/p>\n<p><span data-css=\"tve-u-1771bba3852\">A Controladora poder\u00e1 divulgar os Dados Pessoais coletados a terceiros, nas seguintes situa\u00e7\u00f5es e nos limites exigidos e autorizados pela Lei:<\/span><\/p>\n<ol class=\"\" start=\"1\" type=\"I\">\n<li><span data-css=\"tve-u-1771bba3853\">Com os seus clientes e parceiros quando necess\u00e1rio e\/ou apropriado \u00e0 presta\u00e7\u00e3o de servi\u00e7os relacionados;<\/span><\/li>\n<li><span data-css=\"tve-u-1771bba3855\">Com as empresas e indiv\u00edduos contratados para a execu\u00e7\u00e3o de determinadas atividades e servi\u00e7os em nome da Controladora;<\/span><\/li>\n<\/ol>\n<ol class=\"\" start=\"3\" type=\"I\">\n<li><span data-css=\"tve-u-1771bba3856\">Com empresas do grupo;<\/span><\/li>\n<\/ol>\n<ol class=\"\" start=\"4\" type=\"I\">\n<li><span data-css=\"tve-u-1771bba3857\">Com fornecedores e parceiros para consecu\u00e7\u00e3o dos servi\u00e7os contratados com a Controladora (como tecnologia da informa\u00e7\u00e3o, contabilidade, entre outros);<\/span><\/li>\n<\/ol>\n<ol class=\"\" start=\"5\" type=\"I\">\n<li><span data-css=\"tve-u-1771bba3859\">Para prop\u00f3sitos administrativos como: pesquisa, planejamento, desenvolvimento de servi\u00e7os, seguran\u00e7a e gerenciamento de risco.<\/span><\/li>\n<\/ol>\n<ol class=\"\" start=\"6\" type=\"I\">\n<li><span data-css=\"tve-u-1771bba385a\">Quando necess\u00e1rio em decorr\u00eancia de obriga\u00e7\u00e3o legal, determina\u00e7\u00e3o de autoridade competente, ou decis\u00e3o judicial.<\/span><\/li>\n<\/ol>\n<p><span data-css=\"tve-u-1771bba385c\">Nas hip\u00f3teses de compartilhamento de Dados Pessoais com terceiros, todos os sujeitos mencionados nos itens I a VI dever\u00e3o utilizar os Dados Pessoais partilhados de maneira consistente e de acordo com os prop\u00f3sitos para os quais foram coletados (ou com os quais o Usu\u00e1rio consentiu previamente) e de acordo com o que foi determinado por esta Pol\u00edtica de Privacidade, outras declara\u00e7\u00f5es de privacidade de\u00a0<i>website<\/i>, e todas as leis de privacidade e prote\u00e7\u00e3o de dados aplic\u00e1veis.<\/span><\/p>\n<h5 class=\"\"><span data-css=\"tve-u-1771bba385d\"><b>4. MOTIVOS LEGAIS PARA A DIVULGA\u00c7\u00c3O DE SEUS DADOS<\/b><\/span><\/h5>\n<p><span data-css=\"tve-u-1771bba385f\">Em certas circunst\u00e2ncias, a Controladora poder\u00e1 divulgar Dados Pessoais, na medida necess\u00e1ria ou apropriada, para \u00f3rg\u00e3os governamentais, consultores e outros terceiros com o objetivo de cumprir com a legisla\u00e7\u00e3o aplic\u00e1vel ou com uma ordem ou intima\u00e7\u00e3o judicial ou, ainda, se a Controladora acreditar de boa-f\u00e9 que tal a\u00e7\u00e3o seja necess\u00e1ria para:<\/span><\/p>\n<ol class=\"\" start=\"1\" type=\"I\">\n<li><span data-css=\"tve-u-1771bba3860\">Cumprir com uma legisla\u00e7\u00e3o que exija tal divulga\u00e7\u00e3o;<\/span><\/li>\n<\/ol>\n<ol class=\"\" start=\"2\" type=\"I\">\n<li><span data-css=\"tve-u-1771bba3861\">Investigar, impedir ou tomar medidas relacionadas a atividades ilegais suspeitas ou reais ou para cooperar com \u00f3rg\u00e3os p\u00fablicos ou para proteger a seguran\u00e7a nacional;<\/span><\/li>\n<\/ol>\n<ol class=\"\" start=\"3\" type=\"I\">\n<li><span data-css=\"tve-u-1771bba3863\">Execu\u00e7\u00e3o de seus contratos;<\/span><\/li>\n<\/ol>\n<ol class=\"\" start=\"4\" type=\"I\">\n<li><span data-css=\"tve-u-1771bba3864\">Investigar e se defender contra quaisquer reivindica\u00e7\u00f5es ou alega\u00e7\u00f5es de terceiros;<\/span><\/li>\n<\/ol>\n<ol class=\"\" start=\"5\" type=\"I\">\n<li><span data-css=\"tve-u-1771bba3866\">Proteger a seguran\u00e7a ou a integridade dos servi\u00e7os;<\/span><\/li>\n<\/ol>\n<ol class=\"\" start=\"6\" type=\"I\">\n<li><span data-css=\"tve-u-1771bba3867\">Exercer ou proteger os direitos, a propriedade e a seguran\u00e7a da Controladora e suas empresas coligadas;<\/span><\/li>\n<\/ol>\n<ol class=\"\" start=\"7\" type=\"I\">\n<li><span data-css=\"tve-u-1771bba3869\">Proteger os direitos e a seguran\u00e7a pessoal de seus funcion\u00e1rios, usu\u00e1rios ou do p\u00fablico;<\/span><\/li>\n<\/ol>\n<ol class=\"\" start=\"8\" type=\"I\">\n<li><span data-css=\"tve-u-1771bba386a\">Em caso de venda, compra, fus\u00e3o, reorganiza\u00e7\u00e3o, liquida\u00e7\u00e3o ou dissolu\u00e7\u00e3o da Controladora.<\/span><\/li>\n<\/ol>\n<p><span data-css=\"tve-u-1771bba386b\">A Controladora cientificar\u00e1 os respectivos Usu\u00e1rios sobre eventuais demandas legais que resultem na divulga\u00e7\u00e3o de informa\u00e7\u00f5es pessoais, nos termos do que foi exposto no item 4, a menos que tal cientifica\u00e7\u00e3o seja vedada por lei ou proibida por mandado judicial ou, ainda, se a requisi\u00e7\u00e3o for emergencial.<\/span><\/p>\n<p>&nbsp;<\/p>\n<h5 class=\"\"><span data-css=\"tve-u-1771bba386e\"><b>5. SEGURAN\u00c7A DE INFORMA\u00c7\u00d5ES PESSOAIS<\/b><\/span><\/h5>\n<p><span data-css=\"tve-u-1771bba3871\">A Controladora e seus fornecedores utilizam v\u00e1rios procedimentos de seguran\u00e7a para proteger a confidencialidade, seguran\u00e7a e integridade de seus Dados Pessoais, prevenindo a ocorr\u00eancia de eventuais danos em virtude do tratamento desses dados.<\/span><\/p>\n<p><span data-css=\"tve-u-1771bba3872\">Embora a Controladora utilize medidas de seguran\u00e7a e monitore seu sistema para verificar vulnerabilidades e ataques para proteger seus Dados Pessoais contra divulga\u00e7\u00e3o n\u00e3o autorizada, mau uso ou altera\u00e7\u00e3o, o Usu\u00e1rio entende e concorda que n\u00e3o h\u00e1 garantias de que as informa\u00e7\u00f5es n\u00e3o poder\u00e3o ser acessadas, divulgadas, alteradas ou destru\u00eddas por viola\u00e7\u00e3o de qualquer uma das prote\u00e7\u00f5es f\u00edsicas, t\u00e9cnicas ou administrativas.<\/span><\/p>\n<h5 class=\"\"><span data-css=\"tve-u-1771bba3874\"><b>6. RETEN\u00c7\u00c3O DE DADOS<\/b><\/span><\/h5>\n<p><span data-css=\"tve-u-1771bba3875\">A Controladora ret\u00e9m os dados fornecidos pelo Usu\u00e1rio e necess\u00e1rios \u00e0 rela\u00e7\u00e3o jur\u00eddica firmada com ele enquanto seu cadastro estiver ativo e conforme seja necess\u00e1rio para consecu\u00e7\u00e3o dos servi\u00e7os.<\/span><\/p>\n<p><span data-css=\"tve-u-1771bba3877\">A Controladora reter\u00e1 seus Dados Pessoais e manter\u00e1 seus dados armazenados at\u00e9 eventual requerimento de exclus\u00e3o que poder\u00e1 ser feita pelo canal oficial disponibilizado ou indicado no\u00a0<em>WEBSITE<\/em>, ou de acordo com os per\u00edodos descritos nos contratos firmados com o Usu\u00e1rio.<\/span><\/p>\n<p><span data-css=\"tve-u-1771bba3878\">A Controladora poder\u00e1 vir a manter seus Dados Pessoais ap\u00f3s receber seu pedido de exclus\u00e3o ou ap\u00f3s os prazos descritos nos contratos firmados com voc\u00ea caso seja necess\u00e1rio para cumprimento de obriga\u00e7\u00f5es legais, resolver disputas, manter a seguran\u00e7a, evitar fraudes e abuso e garantir o cumprimento de contratos.<\/span><\/p>\n<h5 class=\"\"><span data-css=\"tve-u-1771bba387a\"><b>7. DOS FUNDAMENTOS PARA PROCESSAMENTO<\/b><\/span><\/h5>\n<p><span data-css=\"tve-u-1771bba387b\">A Controladora apenas trata Dados Pessoais em situa\u00e7\u00f5es em que est\u00e1 autorizada legalmente ou mediante seu expresso e inequ\u00edvoco consentimento do Usu\u00e1rio.<\/span><\/p>\n<p><span data-css=\"tve-u-1771bba387d\">Em hip\u00f3tese alguma a Controladora comercializa ou autoriza que os seus dados pessoais sejam comercializados ou cedidos de qualquer forma a terceiros fora das hip\u00f3teses do item 4.<\/span><\/p>\n<p><span data-css=\"tve-u-1771bba387e\">A Controladora poder\u00e1 coletar, produzir, receptar, classificar, utilizar, acessar, reproduzir, transmitir, distribuir, processar, arquivar, armazenar, eliminar, avaliar ou controlar a informa\u00e7\u00e3o, modificar, comunicar, transferir, difundir ou extrair dados sobre o Usu\u00e1rio, de acordo com as considera\u00e7\u00f5es delimitadas abaixo.<\/span><\/p>\n<p><span data-css=\"tve-u-1771bba387f\">Essa possibilidade foi dada a partir de seu consentimento (colhido de forma expressa e inequ\u00edvoca no \u201cLi e Aceito\u201d), contratos e procedimentos preliminares contratuais (em que o processamento \u00e9 necess\u00e1rio para firmar o contrato com o Usu\u00e1rio) e interesses leg\u00edtimos, desde que tal processamento n\u00e3o viole seus direitos e liberdades.<\/span><\/p>\n<p><span data-css=\"tve-u-1771bba3881\">Dentre os interesses leg\u00edtimos incluem a prote\u00e7\u00e3o do Usu\u00e1rio e da Controladora de amea\u00e7as, o cumprimento da legisla\u00e7\u00e3o aplic\u00e1vel, o exerc\u00edcio regular de direitos em processo judicial, administrativo ou arbitral, a habilita\u00e7\u00e3o da realiza\u00e7\u00e3o ou administra\u00e7\u00e3o dos neg\u00f3cios, incluindo controle de qualidade, relat\u00f3rios e servi\u00e7os oferecidos, o gerenciamento de transa\u00e7\u00f5es empresariais, o entendimento e melhoramento dos neg\u00f3cios e relacionamentos com os clientes e a permiss\u00e3o de que os usu\u00e1rios encontrem oportunidades econ\u00f4micas.<\/span><\/p>\n<p><span data-css=\"tve-u-1771bba3882\">O Usu\u00e1rio tem o direito de negar ou retirar o consentimento fornecido \u00e0 Controladora, podendo a Controladora encerrar imediatamente a consecu\u00e7\u00e3o de seus servi\u00e7os para este usu\u00e1rio na hip\u00f3tese de ocorr\u00eancia de tal solicita\u00e7\u00e3o.<\/span><\/p>\n<h5 class=\"\"><span data-css=\"tve-u-1771bba3884\"><b>8. DIREITO DE ACESSAR E CONTROLAR SEUS DADOS PESSOAIS<\/b><\/span><\/h5>\n<p><span data-css=\"tve-u-1771bba3885\">A Controladora oferece ao Usu\u00e1rio diversas op\u00e7\u00f5es do que fazer com os Dados Pessoais coletados, tratados e armazenados, incluindo sua exclus\u00e3o e\/ou corre\u00e7\u00e3o. O Usu\u00e1rio pode:<\/span><\/p>\n<ol class=\"\" start=\"1\" type=\"I\">\n<li><span data-css=\"tve-u-1771bba3886\"><strong>Excluir dados:<\/strong>\u00a0o Usu\u00e1rio pode solicitar a exclus\u00e3o de alguns dos seus Dados Pessoais (por exemplo, se eles n\u00e3o s\u00e3o mais necess\u00e1rios para lhe fornecer os servi\u00e7os).<\/span><\/li>\n<\/ol>\n<ol class=\"\" start=\"2\" type=\"I\">\n<li><span data-css=\"tve-u-1771bba3888\"><strong>Alterar ou corrigir dados:<\/strong>\u00a0o Usu\u00e1rio pode editar ou solicitar a edi\u00e7\u00e3o de alguns dos seus Dados Pessoais. O Usu\u00e1rio tamb\u00e9m pode solicitar atualiza\u00e7\u00f5es, altera\u00e7\u00f5es ou corre\u00e7\u00f5es de seus dados em determinados casos, principalmente se eles estiverem incorretos.<\/span><\/li>\n<\/ol>\n<ol class=\"\" start=\"3\" type=\"I\">\n<li><span data-css=\"tve-u-1771bba3889\"><strong>Colocar obje\u00e7\u00f5es, limites ou restri\u00e7\u00f5es ao uso de dados:<\/strong>\u00a0o Usu\u00e1rio pode solicitar a interrup\u00e7\u00e3o do uso de todos ou alguns de seus Dados Pessoais (por exemplo, se n\u00e3o tivermos o direito de continuar a us\u00e1-los), ou limitar a nossa utiliza\u00e7\u00e3o de tais dados (por exemplo, se seus Dados Pessoais estiverem incorretos ou armazenados ilegalmente), destacando-se que a Controladora poder\u00e1 tratar os Dados Pessoais conforme mencionado no item 6 e baseado nos fundamentos dispostos no item 7.<\/span><\/li>\n<\/ol>\n<ol class=\"\" start=\"4\" type=\"I\">\n<li><span data-css=\"tve-u-1771bba388b\"><strong>O Usu\u00e1rio tem direito de acessar ou levar seus dados:<\/strong>\u00a0o Usu\u00e1rio pode solicitar uma c\u00f3pia dos seus Dados Pessoais e dos dados que o Usu\u00e1rio forneceu em um formato leg\u00edvel sob a forma impressa ou por meio eletr\u00f4nico.<\/span><\/li>\n<\/ol>\n<h5 class=\"\"><span data-css=\"tve-u-1771bba388c\"><b>9. MODIFICA\u00c7\u00d5ES NA POL\u00cdTICA<\/b><\/span><\/h5>\n<p><span data-css=\"tve-u-1771bba388e\">Reservamos o direito de modificar essa pol\u00edtica de privacidade a qualquer momento, ent\u00e3o por favor, revise-a com frequ\u00eancia. Altera\u00e7\u00f5es e esclarecimentos v\u00e3o surtir efeito imediatamente ap\u00f3s sua publica\u00e7\u00e3o no site. Se fizermos altera\u00e7\u00f5es de materiais para essa pol\u00edtica, iremos notific\u00e1-lo aqui que eles foram atualizados, para que voc\u00ea tenha ci\u00eancia sobre quais informa\u00e7\u00f5es coletamos, como as usamos, e sob que circunst\u00e2ncias, se alguma, as usamos e\/ou divulgamos.<\/span><\/p>\n<h5 class=\"\"><span data-css=\"tve-u-1771bba388f\"><b>10. FORO<\/b><\/span><\/h5>\n<p><span data-css=\"tve-u-1771bba3890\">Esta pol\u00edtica est\u00e1 sujeita \u00e0 Lei da Rep\u00fablica Federativa do Brasil, \u00e9 competente para dirimir qualquer controv\u00e9rsia a si relacionada.<\/span>[\/vc_column_text][\/vc_column][\/vc_row]<\/p>\n","protected":false},"excerpt":{"rendered":"<p>[vc_row full_width=&#8221;stretch_row_content_no_spaces&#8221; content_placement=&#8221;middle&#8221;][vc_column][vc_column_text] Pol\u00edtica de Privacidade [\/vc_column_text][vc_separator color=&#8221;sandy_brown&#8221; border_width=&#8221;2&#8243; el_width=&#8221;10&#8243; css=&#8221;.vc_custom_1638819977669{padding-top: -20px !important;}&#8221;][\/vc_column][\/vc_row][vc_row][vc_column][vc_column_text] \u00daltima Atualiza\u00e7\u00e3o: 06 de dezembro de 2021 Este site (http:\/\/www.nousia.com.br\/), todo o seu conte\u00fado e seus subendere\u00e7os (o \u201cWEBSITE\u201d) s\u00e3o de propriedade de\u00a0NOUSIA CURSOS E TERAPIAS INTEGRATIVAS, inscrita no CNPJ n\u00ba 28.024.654\/0001-74, com sede em Rua D\u00e1rio Bechara, n. 61, Vila Dusi, cidade de S\u00e3o Bernardo do&hellip;<\/p>\n","protected":false},"author":1,"featured_media":0,"parent":0,"menu_order":0,"comment_status":"closed","ping_status":"closed","template":"","meta":[],"_links":{"self":[{"href":"https:\/\/www.nousia.com.br\/index.php\/wp-json\/wp\/v2\/pages\/1400"}],"collection":[{"href":"https:\/\/www.nousia.com.br\/index.php\/wp-json\/wp\/v2\/pages"}],"about":[{"href":"https:\/\/www.nousia.com.br\/index.php\/wp-json\/wp\/v2\/types\/page"}],"author":[{"embeddable":true,"href":"https:\/\/www.nousia.com.br\/index.php\/wp-json\/wp\/v2\/users\/1"}],"replies":[{"embeddable":true,"href":"https:\/\/www.nousia.com.br\/index.php\/wp-json\/wp\/v2\/comments?post=1400"}],"version-history":[{"count":17,"href":"https:\/\/www.nousia.com.br\/index.php\/wp-json\/wp\/v2\/pages\/1400\/revisions"}],"predecessor-version":[{"id":2647,"href":"https:\/\/www.nousia.com.br\/index.php\/wp-json\/wp\/v2\/pages\/1400\/revisions\/2647"}],"wp:attachment":[{"href":"https:\/\/www.nousia.com.br\/index.php\/wp-json\/wp\/v2\/media?parent=1400"}],"curies":[{"name":"wp","href":"https:\/\/api.w.org\/{rel}","templated":true}]}}